{"id":28,"date":"2017-01-21T16:05:56","date_gmt":"2017-01-21T16:05:56","guid":{"rendered":"http:\/\/thermenblick.com\/cms\/?page_id=28"},"modified":"2025-06-25T20:26:56","modified_gmt":"2025-06-25T19:26:56","slug":"preise","status":"publish","type":"page","link":"https:\/\/www.thermenblick.com\/cms\/preise\/","title":{"rendered":"Preise"},"content":{"rendered":"<p>(Preise zzgl. Ortstaxe von \u20ac 2,20 pro Erwachsener\/Nacht)<br \/>\ng\u00fcltig ab Juni 2025<\/p>\n<table>\n<tbody>\n<tr>\n<td colspan=\"2\">\n<h2>Doppelzimmer<\/h2>\n<\/td>\n<\/tr>\n<tr>\n<td>1 Nacht pro Person<\/td>\n<td>\u20ac 45,00<\/td>\n<\/tr>\n<tr>\n<td>ab 2 N\u00e4chte pro Person pro Nacht<\/td>\n<td>\u20ac 42,50<\/td>\n<\/tr>\n<tr>\n<td>Dreibett-Zimmer und Kinder auf Anfrage<\/td>\n<td><\/td>\n<\/tr>\n<tr>\n<td colspan=\"2\"><\/td>\n<\/tr>\n<tr>\n<td colspan=\"2\">\n<h2>Einzelzimmer \/ Doppelzimmer zur Alleinben\u00fctzung<\/h2>\n<\/td>\n<\/tr>\n<tr>\n<td>pro Nacht<\/td>\n<td>\u20ac 55,00<\/td>\n<\/tr>\n<tr>\n<td colspan=\"2\"><\/td>\n<\/tr>\n<tr>\n<td colspan=\"2\">\n<h2>Ferienwohnungen inclusive Endreinigung (ohne Fr\u00fchst\u00fcck)<\/h2>\n<\/td>\n<\/tr>\n<tr>\n<td>2 Personen pro Nacht<\/td>\n<td>\u20ac 70,00<\/td>\n<\/tr>\n<tr>\n<td>jede weitere Person pro Nacht<\/td>\n<td>\u20ac 15,00<\/td>\n<\/tr>\n<tr>\n<td>Aufpreis f\u00fcr Fr\u00fchst\u00fccksbuffet p.P.<\/td>\n<td>\u20ac 10,00<\/td>\n<\/tr>\n<tr>\n<td>Nach Wunsch Aufr\u00e4umservice pro Stunde<\/td>\n<td>\u20ac 9,00<\/td>\n<\/tr>\n<\/tbody>\n<\/table>\n<h2>An- und Abreise:<\/h2>\n<p>Anreise: ab 14:00 Uhr<br \/>\nAbreise: bis 10:00 Uhr<br \/>\nAuf Anfrage k\u00f6nnen abweichende Zeiten vereinbart werden.<\/p>\n<h2>Gutscheine:<\/h2>\n<p>Gerne erstellen wir individuelle Gutscheine f\u00fcr Ihre Freunde, Verwandten oder Mitarbeiter.<\/p>\n<h2>Therme Geinberg &#8211; \u00d6ffnungszeiten und Preise:<\/h2>\n<p><a href=\"https:\/\/www.therme-geinberg.at\/de\/therme-sauna\/oeffnungszeiten-eintrittspreise\" target=\"_blank\" rel=\"noopener\">\u00d6ffnungszeiten und Preise Therme, Sauna, Oriental World mit Hamam<\/a><\/p>\n<h2>AGB:<\/h2>\n<p>Es gelten die \u00f6sterreichischen Hotelvertragsbedingungen.<br \/>\nDer Vermieter beh\u00e4lt sich das Recht vor, ab einer Aufenthaltsdauer von einer Woche eine Anzahlung zu fordern oder eine Teilrechnung auszustellen.<\/p>\n","protected":false},"excerpt":{"rendered":"<p>(Preise zzgl. Ortstaxe von \u20ac 2,20 pro Erwachsener\/Nacht) g\u00fcltig ab Juni 2025 Doppelzimmer 1 Nacht pro Person \u20ac 45,00 ab 2 N\u00e4chte pro Person pro Nacht \u20ac 42,50 Dreibett-Zimmer und Kinder auf Anfrage Einzelzimmer \/ Doppelzimmer zur Alleinben\u00fctzung pro Nacht&#8230;<\/p>\n","protected":false},"author":3,"featured_media":0,"parent":0,"menu_order":0,"comment_status":"closed","ping_status":"closed","template":"","meta":{"footnotes":""},"class_list":["post-28","page","type-page","status-publish","hentry"],"_links":{"self":[{"href":"https:\/\/www.thermenblick.com\/cms\/wp-json\/wp\/v2\/pages\/28","targetHints":{"allow":["GET"]}}],"collection":[{"href":"https:\/\/www.thermenblick.com\/cms\/wp-json\/wp\/v2\/pages"}],"about":[{"href":"https:\/\/www.thermenblick.com\/cms\/wp-json\/wp\/v2\/types\/page"}],"author":[{"embeddable":true,"href":"https:\/\/www.thermenblick.com\/cms\/wp-json\/wp\/v2\/users\/3"}],"replies":[{"embeddable":true,"href":"https:\/\/www.thermenblick.com\/cms\/wp-json\/wp\/v2\/comments?post=28"}],"version-history":[{"count":27,"href":"https:\/\/www.thermenblick.com\/cms\/wp-json\/wp\/v2\/pages\/28\/revisions"}],"predecessor-version":[{"id":154,"href":"https:\/\/www.thermenblick.com\/cms\/wp-json\/wp\/v2\/pages\/28\/revisions\/154"}],"wp:attachment":[{"href":"https:\/\/www.thermenblick.com\/cms\/wp-json\/wp\/v2\/media?parent=28"}],"curies":[{"name":"wp","href":"https:\/\/api.w.org\/{rel}","templated":true}]}}