{"id":62,"date":"2017-01-21T18:24:43","date_gmt":"2017-01-21T18:24:43","guid":{"rendered":"http:\/\/thermenblick.com\/cms\/?page_id=62"},"modified":"2022-08-30T21:45:33","modified_gmt":"2022-08-30T20:45:33","slug":"anreise","status":"publish","type":"page","link":"https:\/\/www.thermenblick.com\/cms\/anreise\/","title":{"rendered":"Anreise"},"content":{"rendered":"<table style=\"height: 549px;\" border=\"0\" width=\"674\" cellspacing=\"0\" cellpadding=\"0\">\n<tbody>\n<tr>\n<td><strong>Navigationssysteme:<\/strong><br \/>\nOrt: Kirchdorf am Inn<br \/>\nStra\u00dfe: Pirath 2<br \/>\nGPS:<br \/>\nN 48,280905<br \/>\nO 13,283339<\/p>\n<h2><small><a href=\"https:\/\/maps.google.com\/maps?f=q&amp;hl=de&amp;geocode=&amp;q=G%C3%A4stehof+Thermenblick&amp;sll=48.280945,13.283269&amp;sspn=0.010924,0.019312&amp;g=4943+Geinberg,+Pirath+2&amp;ie=UTF8&amp;cid=48280945,13283268,16792014948985155409&amp;ll=48.334343,13.305817&amp;spn=0.159765,0.291824&amp;z=11&amp;iwloc=A&amp;source=embed\" target=\"_blank\" rel=\"noopener\">Karte auf Google Maps<\/a><\/small><\/h2>\n<p><strong>Anreisebeschreibung<\/strong><br \/>\n<a href=\"#geinberg\">Geinberg<\/a><br \/>\n<a href=\"#salzburg\">Salzburg<\/a><br \/>\n<a href=\"#linz\">Linz<\/a><br \/>\n<a href=\"#d\">Deutschland<\/a><\/td>\n<\/tr>\n<\/tbody>\n<\/table>\n<p><a name=\"geinberg\"><\/a><\/p>\n<h2>Aus Geinberg (Zentrum):<\/h2>\n<blockquote><p>Im Zentrum von Geinberg biegen Sie beim Gemeindeamt von der Durchzugsstra\u00dfe ab in die Bahnstra\u00dfe. Nach 200m \u00fcberqueren Sie bei der Bahnstation einen unbeschrankten Bahn\u00fcbergang. Nach einem weiteren Kilometer passieren Sie einen Bauernhof, dann eine Weggabelung, bei der Sie links abbiegen. Nach 500m erreichen Sie den G\u00e4stehof Thermenblick.<\/p><\/blockquote>\n<p><a name=\"salzburg\"><\/a><\/p>\n<h2>Via Salzburg:<\/h2>\n<blockquote><p><b>Autobahnausfahrt:<\/b> Salzburg Nord (A1)<\/p>\n<p><b>Route: <\/b>Richtung Mattsee &#8211; Mattighofen &#8211; Uttendorf &#8211; Mauerkirchen &#8211; Moosbach &#8211; Weng &#8211; B148 Umfahrung Altheim &#8211; Bei den beiden Kreisverkehren NICHT Geinberg\/Moosham ausfahren. Ausfahrt Sch\u00e4rding\/Obernberg benutzen und f\u00fcr weitere 3km auf der B148 bleiben. Bei Km 12,8 steht auf der rechten Stra\u00dfenseite eine wei\u00dfe Kapelle und ein Wegweiser zum &#8222;G\u00e4stehof Thermenblick&#8220;. Biegen Sie hier rechts ab, nach 150m erreichen Sie Ihr Ziel.<\/p><\/blockquote>\n<p><a name=\"linz\"><\/a><\/p>\n<h2>Via Linz:<\/h2>\n<blockquote><p><b>Autobahnausfahrt:<\/b> Ort \/ Innkreis (A8)<\/p>\n<p><b>Route: <\/b>bei der Autobahnausfahrt <b>rechts<\/b> abbiegen, sie befinden sich auf der <b>B148 <\/b>, folgen Sie der Stra\u00dfe.<br \/>\n<b>!!!<\/b> W\u00e4hrend der Fahrt sehen Sie Wegweiser nach Geinberg bzw. zur Therme Geinberg. Folgen Sie diesen Wegweisern NICHT <b>!!!<\/b><\/p>\n<p align=\"left\">Nach 13km (B148 bei Km 12,8) steht auf der linken Stra\u00dfenseite eine wei\u00dfe Kapelle und ein Wegweiser zum &#8222;G\u00e4stehof Thermenblick&#8220;. Biegen Sie hier links ab, nach 150m erreichen Sie Ihr Ziel.<\/p>\n<\/blockquote>\n<p><a name=\"d\"><\/a><\/p>\n<h2>Deutschland &#8211; Grenze Braunau\/Simbach:<\/h2>\n<blockquote><p><b>Route:<\/b> Braunau &#8211; B148 Umfahrung St. Peter &#8211; B148 Umfahrung Altheim &#8211; Bei den beiden Kreisverkehren NICHT Geinberg\/Moosham ausfahren. Ausfahrt Sch\u00e4rding\/Obernberg benutzen und f\u00fcr weitere 3km auf der B148 bleiben. Bei Km 12,8 steht auf der rechten Stra\u00dfenseite eine wei\u00dfe Kapelle und ein Wegweiser zum &#8222;G\u00e4stehof Thermenblick&#8220;. Biegen Sie hier rechts ab, nach 150m erreichen Sie Ihr Ziel.<\/p><\/blockquote>\n<h2>Deutschland &#8211; Grenze Sch\u00e4rding\/Suben\/Passau:<\/h2>\n<blockquote><p><b>Autobahngrenze:<\/b> Suben<\/p>\n<p><b>Autobahnausfahrt:<\/b> Ort \/ Innkreis (A8)<\/p>\n<p><b>Route: <\/b>bei der Autobahnausfahrt <b>links<\/b> abbiegen, sie befinden sich auf der <b>B148 <\/b>, folgen Sie der Stra\u00dfe.<br \/>\n<b>!!!<\/b> W\u00e4hrend der Fahrt sehen Sie Wegweiser nach Geinberg bzw. zur Therme Geinberg. Folgen Sie diesen Wegweisern NICHT <b>!!!<\/b><\/p>\n<p>Nach 13km (B148 bei Km 12,8) steht auf der linken Stra\u00dfenseite eine wei\u00dfe Kapelle und ein Wegweiser zum &#8222;G\u00e4stehof Thermenblick&#8220;. Biegen Sie hier links ab, nach 150m erreichen Sie Ihr Ziel.<\/p><\/blockquote>\n<h2>Deutschland &#8211; Mautfreie Autobahnausfahrt Pocking &#8211; Grenze Obernberg:<\/h2>\n<blockquote><p><b>Autobahnausfahrt:<\/b> Pocking (A3)<\/p>\n<p><b>Route: <\/b>bei der Autobahnausfahrt <b>rechts<\/b> abbiegen, Richtung Grenz\u00fcbergang Obernberg fahren. 1,5 km nach dem Grenz\u00fcbergang fahren Sie vor der Unterf\u00fchrung auf die B148 auf (Richtung Altheim\/Braunau).<\/p>\n<p><b>!!!<\/b>W\u00e4hrend der Fahrt sehen Sie Wegweiser nach Geinberg bzw. zur Therme Geinberg. Folgen Sie diesen Wegweisern NICHT <b>!!!<\/b><\/p>\n<p>Nach ca. 4 km (B148 bei Km 12,8) finden Sie links eine wei\u00dfe Kapelle und einen Wegweiser zum &#8222;G\u00e4stehof Thermenblick&#8220;. Biegen Sie hier links ab, nach 200m sind Sie am Ziel.<\/p><\/blockquote>\n","protected":false},"excerpt":{"rendered":"<p>Navigationssysteme: Ort: Kirchdorf am Inn Stra\u00dfe: Pirath 2 GPS: N 48,280905 O 13,283339 Karte auf Google Maps Anreisebeschreibung Geinberg Salzburg Linz Deutschland Aus Geinberg (Zentrum): Im Zentrum von Geinberg biegen Sie beim Gemeindeamt von der Durchzugsstra\u00dfe ab in die Bahnstra\u00dfe&#8230;.<\/p>\n","protected":false},"author":3,"featured_media":0,"parent":0,"menu_order":0,"comment_status":"closed","ping_status":"closed","template":"","meta":{"footnotes":""},"class_list":["post-62","page","type-page","status-publish","hentry"],"_links":{"self":[{"href":"https:\/\/www.thermenblick.com\/cms\/wp-json\/wp\/v2\/pages\/62","targetHints":{"allow":["GET"]}}],"collection":[{"href":"https:\/\/www.thermenblick.com\/cms\/wp-json\/wp\/v2\/pages"}],"about":[{"href":"https:\/\/www.thermenblick.com\/cms\/wp-json\/wp\/v2\/types\/page"}],"author":[{"embeddable":true,"href":"https:\/\/www.thermenblick.com\/cms\/wp-json\/wp\/v2\/users\/3"}],"replies":[{"embeddable":true,"href":"https:\/\/www.thermenblick.com\/cms\/wp-json\/wp\/v2\/comments?post=62"}],"version-history":[{"count":8,"href":"https:\/\/www.thermenblick.com\/cms\/wp-json\/wp\/v2\/pages\/62\/revisions"}],"predecessor-version":[{"id":134,"href":"https:\/\/www.thermenblick.com\/cms\/wp-json\/wp\/v2\/pages\/62\/revisions\/134"}],"wp:attachment":[{"href":"https:\/\/www.thermenblick.com\/cms\/wp-json\/wp\/v2\/media?parent=62"}],"curies":[{"name":"wp","href":"https:\/\/api.w.org\/{rel}","templated":true}]}}